{"id":7,"date":"2022-03-19T14:31:14","date_gmt":"2022-03-19T13:31:14","guid":{"rendered":"https:\/\/project.betuel.goeksu.ovh\/?page_id=7"},"modified":"2025-11-15T22:55:30","modified_gmt":"2025-11-15T21:55:30","slug":"startseite","status":"publish","type":"page","link":"https:\/\/project.betuel.goeksu.ovh\/index.php\/startseite\/","title":{"rendered":"\u00dcber mich"},"content":{"rendered":"\n<p style=\"font-size:13px\">Hallo ihr Lieben,<br>ich bin Bet\u00fcl (Betty) \u2013 leidenschaftliche <strong>Newborn-, Baby- und Familienfotografin aus Hemer<\/strong>. Es erf\u00fcllt mich jeden Tag mit Freude, die ersten wunderbaren Momente eures kleinen Wunders in <strong>zeitlosen, warmen und emotionalen Bildern<\/strong> festzuhalten.<br><br>Als Spezialistin f\u00fcr <strong>Newbornfotografie, Babyshootings und Schwangerschaftsfotografie<\/strong> begleite ich euch mit viel Liebe zum Detail. Jedes Shooting gestalte ich individuell, liebevoll und mit sorgf\u00e4ltig ausgew\u00e4hlten <strong>Accessoires und Requisiten<\/strong>, damit einzigartige Bilder entstehen, die eure Geschichte erz\u00e4hlen.<\/p>\n\n\n\n<p style=\"font-size:13px\">Mein Ziel ist es, unvergessliche Erinnerungen zu schaffen \u2013 Bilder, die euren Alltag \u00fcberdauern und einen besonderen Platz in eurem Herzen und Fotoalbum finden. Sehr gern halte ich auch eure pers\u00f6nlichen und emotionalen Familienmomente f\u00fcr euch fest.<\/p>\n\n\n\n<p><\/p>\n","protected":false},"excerpt":{"rendered":"<p>Hallo ihr Lieben,ich bin Bet\u00fcl (Betty) \u2013 leidenschaftliche Newborn-, Baby- und Familienfotografin aus Hemer. Es erf\u00fcllt mich jeden Tag mit [&hellip;]<\/p>\n","protected":false},"author":2,"featured_media":0,"parent":0,"menu_order":0,"comment_status":"closed","ping_status":"closed","template":"","meta":{"site-sidebar-layout":"default","site-content-layout":"","ast-site-content-layout":"default","site-content-style":"default","site-sidebar-style":"default","ast-global-header-display":"","ast-banner-title-visibility":"","ast-main-header-display":"","ast-hfb-above-header-display":"","ast-hfb-below-header-display":"","ast-hfb-mobile-header-display":"","site-post-title":"","ast-breadcrumbs-content":"","ast-featured-img":"","footer-sml-layout":"","ast-disable-related-posts":"","theme-transparent-header-meta":"","adv-header-id-meta":"","stick-header-meta":"","header-above-stick-meta":"","header-main-stick-meta":"","header-below-stick-meta":"","astra-migrate-meta-layouts":"default","ast-page-background-enabled":"default","ast-page-background-meta":{"desktop":{"background-color":"var(--ast-global-color-5)","background-image":"","background-repeat":"repeat","background-position":"center center","background-size":"auto","background-attachment":"scroll","background-type":"","background-media":"","overlay-type":"","overlay-color":"","overlay-opacity":"","overlay-gradient":""},"tablet":{"background-color":"","background-image":"","background-repeat":"repeat","background-position":"center center","background-size":"auto","background-attachment":"scroll","background-type":"","background-media":"","overlay-type":"","overlay-color":"","overlay-opacity":"","overlay-gradient":""},"mobile":{"background-color":"","background-image":"","background-repeat":"repeat","background-position":"center center","background-size":"auto","background-attachment":"scroll","background-type":"","background-media":"","overlay-type":"","overlay-color":"","overlay-opacity":"","overlay-gradient":""}},"ast-content-background-meta":{"desktop":{"background-color":"var(--ast-global-color-4)","background-image":"","background-repeat":"repeat","background-position":"center center","background-size":"auto","background-attachment":"scroll","background-type":"","background-media":"","overlay-type":"","overlay-color":"","overlay-opacity":"","overlay-gradient":""},"tablet":{"background-color":"var(--ast-global-color-4)","background-image":"","background-repeat":"repeat","background-position":"center center","background-size":"auto","background-attachment":"scroll","background-type":"","background-media":"","overlay-type":"","overlay-color":"","overlay-opacity":"","overlay-gradient":""},"mobile":{"background-color":"var(--ast-global-color-4)","background-image":"","background-repeat":"repeat","background-position":"center center","background-size":"auto","background-attachment":"scroll","background-type":"","background-media":"","overlay-type":"","overlay-color":"","overlay-opacity":"","overlay-gradient":""}},"advanced_seo_description":"","jetpack_seo_html_title":"","jetpack_seo_noindex":false,"footnotes":""},"class_list":["post-7","page","type-page","status-publish","hentry"],"jetpack_sharing_enabled":true,"_links":{"self":[{"href":"https:\/\/project.betuel.goeksu.ovh\/index.php\/wp-json\/wp\/v2\/pages\/7","targetHints":{"allow":["GET"]}}],"collection":[{"href":"https:\/\/project.betuel.goeksu.ovh\/index.php\/wp-json\/wp\/v2\/pages"}],"about":[{"href":"https:\/\/project.betuel.goeksu.ovh\/index.php\/wp-json\/wp\/v2\/types\/page"}],"author":[{"embeddable":true,"href":"https:\/\/project.betuel.goeksu.ovh\/index.php\/wp-json\/wp\/v2\/users\/2"}],"replies":[{"embeddable":true,"href":"https:\/\/project.betuel.goeksu.ovh\/index.php\/wp-json\/wp\/v2\/comments?post=7"}],"version-history":[{"count":3,"href":"https:\/\/project.betuel.goeksu.ovh\/index.php\/wp-json\/wp\/v2\/pages\/7\/revisions"}],"predecessor-version":[{"id":814,"href":"https:\/\/project.betuel.goeksu.ovh\/index.php\/wp-json\/wp\/v2\/pages\/7\/revisions\/814"}],"wp:attachment":[{"href":"https:\/\/project.betuel.goeksu.ovh\/index.php\/wp-json\/wp\/v2\/media?parent=7"}],"curies":[{"name":"wp","href":"https:\/\/api.w.org\/{rel}","templated":true}]}}